{"id":2532,"date":"2026-03-04T16:23:12","date_gmt":"2026-03-04T16:23:12","guid":{"rendered":"https:\/\/kdwilczega.pl\/?post_type=product&#038;p=2532"},"modified":"2026-03-04T16:24:32","modified_gmt":"2026-03-04T16:24:32","slug":"box-niepokorny-2","status":"publish","type":"product","link":"https:\/\/kdwilczega.pl\/index.php\/produkt\/box-niepokorny-2\/","title":{"rendered":"BOX &#8211; NIEPOKORNY?"},"content":{"rendered":"<p>Dodatki z motywem przewodnim ksi\u0105\u017cki.<\/p>\n<p><strong>Wysy\u0142ka w okolicy premiery<\/strong><\/p>\n","protected":false},"excerpt":{"rendered":"<p>Dodatki z motywem przewodnim ksi\u0105\u017cki. Wysy\u0142ka w okolicy premiery<\/p>\n","protected":false},"featured_media":2031,"template":"","meta":{"site-sidebar-layout":"default","site-content-layout":"default","ast-global-header-display":"","ast-main-header-display":"","ast-hfb-above-header-display":"","ast-hfb-below-header-display":"","ast-hfb-mobile-header-display":"","site-post-title":"","ast-breadcrumbs-content":"","ast-featured-img":"","footer-sml-layout":"","theme-transparent-header-meta":"default","adv-header-id-meta":"","stick-header-meta":"","header-above-stick-meta":"","header-main-stick-meta":"","header-below-stick-meta":""},"product_cat":[15],"product_tag":[],"_links":{"self":[{"href":"https:\/\/kdwilczega.pl\/index.php\/wp-json\/wp\/v3\/product\/2532"}],"collection":[{"href":"https:\/\/kdwilczega.pl\/index.php\/wp-json\/wp\/v3\/product"}],"about":[{"href":"https:\/\/kdwilczega.pl\/index.php\/wp-json\/wp\/v2\/types\/product"}],"wp:featuredmedia":[{"embeddable":true,"href":"https:\/\/kdwilczega.pl\/index.php\/wp-json\/wp\/v2\/media\/2031"}],"wp:attachment":[{"href":"https:\/\/kdwilczega.pl\/index.php\/wp-json\/wp\/v2\/media?parent=2532"}],"wp:term":[{"taxonomy":"product_cat","embeddable":true,"href":"https:\/\/kdwilczega.pl\/index.php\/wp-json\/wp\/v2\/product_cat?post=2532"},{"taxonomy":"product_tag","embeddable":true,"href":"https:\/\/kdwilczega.pl\/index.php\/wp-json\/wp\/v2\/product_tag?post=2532"}],"curies":[{"name":"wp","href":"https:\/\/api.w.org\/{rel}","templated":true}]}}