{"id":2529,"date":"2026-03-04T16:19:32","date_gmt":"2026-03-04T16:19:32","guid":{"rendered":"https:\/\/kdwilczega.pl\/?post_type=product&#038;p=2529"},"modified":"2026-03-04T16:22:25","modified_gmt":"2026-03-04T16:22:25","slug":"niepokorny-3","status":"publish","type":"product","link":"https:\/\/kdwilczega.pl\/index.php\/produkt\/niepokorny-3\/","title":{"rendered":"NIEPOKORNY?"},"content":{"rendered":"<p><strong>Kontynuacja los\u00f3w Ivy i Matta!<\/strong><\/p>\n<p>Ivy i Matt wreszcie odnale\u017ali drog\u0119 do wsp\u00f3lnego szcz\u0119\u015bcia. Po latach roz\u0142\u0105ki ich mi\u0142o\u015b\u0107 rozpala si\u0119 na nowo, a z ka\u017cdym kolejnym dniem odkrywaj\u0105 siebie jeszcze g\u0142\u0119biej \u2013 bez masek, bez niedopowiedze\u0144, bez ucieczek.<br \/>\nIvy skupia si\u0119 na pracy i pr\u00f3buje odnale\u017a\u0107 si\u0119 w nowej rzeczywisto\u015bci. Jednak paparazzi pod\u0105\u017caj\u0105 za ni\u0105 jak cienie, a media nieustannie tworz\u0105 sensacyjne, cz\u0119sto krzywdz\u0105ce historie. Dziewczyna stara si\u0119 zachowa\u0107 normalno\u015b\u0107, ale \u015bwiat, do kt\u00f3rego zosta\u0142a wrzucona, nie zna granic ani lito\u015bci.<br \/>\nMatt pragnie jednego \u2013 szcz\u0119\u015bcia Ivy. Doskonale wie jednak, \u017ce jego \u017cycie sprzed powstania W&amp;L&amp;C Media i to, kt\u00f3re prowadzi teraz, r\u00f3\u017cni\u0105 si\u0119 diametralnie. Rozpoznawalno\u015b\u0107, w\u0142adza i wp\u0142ywy maj\u0105 swoj\u0105 cen\u0119. M\u0119\u017cczyzna zrobi wszystko, by chroni\u0107 ukochan\u0105, ale zdaje sobie spraw\u0119, \u017ce z pot\u0119g\u0105 medi\u00f3w i plotek nie wygrywa si\u0119 \u0142atwo.<br \/>\nJakby tego by\u0142o ma\u0142o, demony przesz\u0142o\u015bci powracaj\u0105, by wystawi\u0107 ich zwi\u0105zek na kolejn\u0105 pr\u00f3b\u0119. Czy mi\u0142o\u015b\u0107, kt\u00f3r\u0105 ledwo uda\u0142o si\u0119 ocali\u0107, przetrwa w \u015bwiecie, w kt\u00f3rym uczucie bywa traktowane jak s\u0142abo\u015b\u0107? Czy Ivy i Matt zdo\u0142aj\u0105 ochroni\u0107 to, co dla nich najcenniejsze?<\/p>\n<p><strong>Wysy\u0142ka w okolicy premiery<\/strong><\/p>\n","protected":false},"excerpt":{"rendered":"<p>Kontynuacja los\u00f3w Ivy i Matta! Ivy i Matt wreszcie odnale\u017ali drog\u0119 do wsp\u00f3lnego szcz\u0119\u015bcia. Po latach roz\u0142\u0105ki ich mi\u0142o\u015b\u0107 rozpala si\u0119 na nowo, a z ka\u017cdym kolejnym dniem odkrywaj\u0105 siebie jeszcze g\u0142\u0119biej \u2013 bez masek, bez niedopowiedze\u0144, bez ucieczek. Ivy skupia si\u0119 na pracy i pr\u00f3buje odnale\u017a\u0107 si\u0119 w nowej rzeczywisto\u015bci. Jednak paparazzi pod\u0105\u017caj\u0105 za &hellip;<\/p>\n<p class=\"read-more\"> <a class=\"\" href=\"https:\/\/kdwilczega.pl\/index.php\/produkt\/niepokorny-3\/\"> <span class=\"screen-reader-text\">NIEPOKORNY?<\/span> Read More &raquo;<\/a><\/p>\n","protected":false},"featured_media":2528,"template":"","meta":{"site-sidebar-layout":"default","site-content-layout":"default","ast-global-header-display":"","ast-main-header-display":"","ast-hfb-above-header-display":"","ast-hfb-below-header-display":"","ast-hfb-mobile-header-display":"","site-post-title":"","ast-breadcrumbs-content":"","ast-featured-img":"","footer-sml-layout":"","theme-transparent-header-meta":"default","adv-header-id-meta":"","stick-header-meta":"","header-above-stick-meta":"","header-main-stick-meta":"","header-below-stick-meta":""},"product_cat":[34],"product_tag":[],"_links":{"self":[{"href":"https:\/\/kdwilczega.pl\/index.php\/wp-json\/wp\/v3\/product\/2529"}],"collection":[{"href":"https:\/\/kdwilczega.pl\/index.php\/wp-json\/wp\/v3\/product"}],"about":[{"href":"https:\/\/kdwilczega.pl\/index.php\/wp-json\/wp\/v2\/types\/product"}],"wp:featuredmedia":[{"embeddable":true,"href":"https:\/\/kdwilczega.pl\/index.php\/wp-json\/wp\/v2\/media\/2528"}],"wp:attachment":[{"href":"https:\/\/kdwilczega.pl\/index.php\/wp-json\/wp\/v2\/media?parent=2529"}],"wp:term":[{"taxonomy":"product_cat","embeddable":true,"href":"https:\/\/kdwilczega.pl\/index.php\/wp-json\/wp\/v2\/product_cat?post=2529"},{"taxonomy":"product_tag","embeddable":true,"href":"https:\/\/kdwilczega.pl\/index.php\/wp-json\/wp\/v2\/product_tag?post=2529"}],"curies":[{"name":"wp","href":"https:\/\/api.w.org\/{rel}","templated":true}]}}