{"id":2383,"date":"2025-09-08T07:03:19","date_gmt":"2025-09-08T07:03:19","guid":{"rendered":"https:\/\/kdwilczega.pl\/?post_type=product&#038;p=2383"},"modified":"2025-12-05T19:37:48","modified_gmt":"2025-12-05T19:37:48","slug":"alice-venturi-e-book","status":"publish","type":"product","link":"https:\/\/kdwilczega.pl\/index.php\/produkt\/alice-venturi-e-book\/","title":{"rendered":"Alice Venturi &#8211; e-book"},"content":{"rendered":"<p>Alice Venturi, m\u0142odsza siostra Antonio i Matteo, od zawsze \u017cy\u0142a w cieniu braci. Jednak w \u015bwiecie mafii kobieta ma jedno przeznaczenie. Ojciec ju\u017c dawno zdecydowa\u0142 o jej przysz\u0142o\u015bci \u2013 wyznaczy\u0142 m\u0119\u017cczyzn\u0119, kt\u00f3rego Alice ma po\u015blubi\u0107. Bracia jednak sprzeciwiaj\u0105 si\u0119 tej decyzji i wysy\u0142aj\u0105 j\u0105 do Nowego Jorku, by mog\u0142a zazna\u0107 wolno\u015bci.<br \/>\nTam los stawia na jej drodze tajemniczego m\u0119\u017cczyzn\u0119.<br \/>\nLeo Sulivman \u2013 przysz\u0142y capo Nowego Jorku \u2013 wraca wraz z rodzin\u0105, by odzyska\u0107 utracone terytorium. Gdy poznaje pi\u0119kn\u0105 czarnow\u0142os\u0105 dziewczyn\u0119, od razu j\u0105 rozpoznaje. Ona jednak nie ma poj\u0119cia, kim on jest. Leo ukrywa swoj\u0105 to\u017csamo\u015b\u0107, a mi\u0119dzy nimi rodzi si\u0119 uczucie, kt\u00f3re z ka\u017cdym dniem staje si\u0119 silniejsze.<br \/>\nKiedy prawda wychodzi na jaw, \u015bwiat Alice rozpada si\u0119 na kawa\u0142ki. Czuje si\u0119 zdradzona i decyduje si\u0119 wr\u00f3ci\u0107 do W\u0142och.<br \/>\nDla niej to koniec. Dla niego pocz\u0105tek.<br \/>\nOn przysi\u0119ga, \u017ce j\u0105 odzyska. Ona przysi\u0119ga, \u017ce nigdy mu nie wybaczy.<br \/>\nKiedy po latach ich drogi si\u0119 krzy\u017cuj\u0105, Leo jest got\u00f3w zrobi\u0107 wszystko, aby odzyska\u0107 Alice.<br \/>\nJednak czy serce rozbite na tysi\u0105c kawa\u0142k\u00f3w mo\u017cna posk\u0142ada\u0107 na nowo?<\/p>\n<p>Wysy\u0142a e-book w okolicy premiery.<\/p>\n","protected":false},"excerpt":{"rendered":"<p>Alice Venturi, m\u0142odsza siostra Antonio i Matteo, od zawsze \u017cy\u0142a w cieniu braci. Jednak w \u015bwiecie mafii kobieta ma jedno przeznaczenie. Ojciec ju\u017c dawno zdecydowa\u0142 o jej przysz\u0142o\u015bci \u2013 wyznaczy\u0142 m\u0119\u017cczyzn\u0119, kt\u00f3rego Alice ma po\u015blubi\u0107. Bracia jednak sprzeciwiaj\u0105 si\u0119 tej decyzji i wysy\u0142aj\u0105 j\u0105 do Nowego Jorku, by mog\u0142a zazna\u0107 wolno\u015bci. Tam los stawia na &hellip;<\/p>\n<p class=\"read-more\"> <a class=\"\" href=\"https:\/\/kdwilczega.pl\/index.php\/produkt\/alice-venturi-e-book\/\"> <span class=\"screen-reader-text\">Alice Venturi &#8211; e-book<\/span> Read More &raquo;<\/a><\/p>\n","protected":false},"featured_media":2384,"template":"","meta":{"site-sidebar-layout":"default","site-content-layout":"default","ast-global-header-display":"","ast-main-header-display":"","ast-hfb-above-header-display":"","ast-hfb-below-header-display":"","ast-hfb-mobile-header-display":"","site-post-title":"","ast-breadcrumbs-content":"","ast-featured-img":"","footer-sml-layout":"","theme-transparent-header-meta":"default","adv-header-id-meta":"","stick-header-meta":"","header-above-stick-meta":"","header-main-stick-meta":"","header-below-stick-meta":""},"product_cat":[34],"product_tag":[],"_links":{"self":[{"href":"https:\/\/kdwilczega.pl\/index.php\/wp-json\/wp\/v3\/product\/2383"}],"collection":[{"href":"https:\/\/kdwilczega.pl\/index.php\/wp-json\/wp\/v3\/product"}],"about":[{"href":"https:\/\/kdwilczega.pl\/index.php\/wp-json\/wp\/v2\/types\/product"}],"wp:featuredmedia":[{"embeddable":true,"href":"https:\/\/kdwilczega.pl\/index.php\/wp-json\/wp\/v2\/media\/2384"}],"wp:attachment":[{"href":"https:\/\/kdwilczega.pl\/index.php\/wp-json\/wp\/v2\/media?parent=2383"}],"wp:term":[{"taxonomy":"product_cat","embeddable":true,"href":"https:\/\/kdwilczega.pl\/index.php\/wp-json\/wp\/v2\/product_cat?post=2383"},{"taxonomy":"product_tag","embeddable":true,"href":"https:\/\/kdwilczega.pl\/index.php\/wp-json\/wp\/v2\/product_tag?post=2383"}],"curies":[{"name":"wp","href":"https:\/\/api.w.org\/{rel}","templated":true}]}}