{"id":2308,"date":"2025-07-04T06:40:02","date_gmt":"2025-07-04T06:40:02","guid":{"rendered":"https:\/\/kdwilczega.pl\/?post_type=product&#038;p=2308"},"modified":"2025-12-05T19:37:55","modified_gmt":"2025-12-05T19:37:55","slug":"zmien-mnie-kochanie-e-book","status":"publish","type":"product","link":"https:\/\/kdwilczega.pl\/index.php\/produkt\/zmien-mnie-kochanie-e-book\/","title":{"rendered":"Zmie\u0144 mnie, kochanie &#8211; e-book"},"content":{"rendered":"<p>Luke Anderson to by\u0142y \u017co\u0142nierz marines, kt\u00f3ry po misji wraca do Seattle. Tam odnajduje swojego koleg\u0119 z wojska Damona \u2013 z kt\u00f3rym zaczyna prowadzi\u0107 warsztat samochodowy. Luke, cho\u0107 sprawia wra\u017cenie wyluzowanego i pe\u0142nego \u017cycia, to w sercu skrywa \u017cal i b\u00f3l po tym, co spotka\u0142o go na froncie.<\/p>\n<p>Amelia Brown to pocz\u0105tkuj\u0105ca dziennikarka, kt\u00f3ra swoj\u0105 dociekliwo\u015bci\u0105 potrafi wyw\u0119szy\u0107 ka\u017cd\u0105 najmniejsz\u0105 sensacj\u0119. \u017byje i pracuje w Virginii, gdzie otoczona jest mi\u0142o\u015bci\u0105 swojej babci oraz przyjaci\u00f3\u0142ki Sophii i jej rodziny. Do pe\u0142ni szcz\u0119\u015bcia brakuje jej tylko drugiej po\u0142\u00f3wki, ale wierzy, \u017ce pewnego dnia spotka m\u0119\u017cczyzn\u0119, kt\u00f3ry zaw\u0142adnie jej sercem.<\/p>\n<p>\u0141\u0105cz\u0105 ich przyjaciele. Dzieli wszystko inne.<\/p>\n<p>Dla Amelii \u2013 Luke to bawidamek z napompowanym ego. Dla Luke\u2019a \u2013 Amelia to lodowata dziennikarka z ironicznym spojrzeniem.<\/p>\n<p>Jedna noc. Jedna pomy\u0142ka zmienia wszystko.<\/p>\n<p>Ona chce o nim zapomnie\u0107.<\/p>\n<p>On wci\u0105\u017c ma j\u0105 w pami\u0119ci.<\/p>\n","protected":false},"excerpt":{"rendered":"<p>Luke Anderson to by\u0142y \u017co\u0142nierz marines, kt\u00f3ry po misji wraca do Seattle. Tam odnajduje swojego koleg\u0119 z wojska Damona \u2013 z kt\u00f3rym zaczyna prowadzi\u0107 warsztat samochodowy. Luke, cho\u0107 sprawia wra\u017cenie wyluzowanego i pe\u0142nego \u017cycia, to w sercu skrywa \u017cal i b\u00f3l po tym, co spotka\u0142o go na froncie. Amelia Brown to pocz\u0105tkuj\u0105ca dziennikarka, kt\u00f3ra swoj\u0105 &hellip;<\/p>\n<p class=\"read-more\"> <a class=\"\" href=\"https:\/\/kdwilczega.pl\/index.php\/produkt\/zmien-mnie-kochanie-e-book\/\"> <span class=\"screen-reader-text\">Zmie\u0144 mnie, kochanie &#8211; e-book<\/span> Read More &raquo;<\/a><\/p>\n","protected":false},"featured_media":2309,"template":"","meta":{"site-sidebar-layout":"default","site-content-layout":"default","ast-global-header-display":"","ast-main-header-display":"","ast-hfb-above-header-display":"","ast-hfb-below-header-display":"","ast-hfb-mobile-header-display":"","site-post-title":"","ast-breadcrumbs-content":"","ast-featured-img":"","footer-sml-layout":"","theme-transparent-header-meta":"default","adv-header-id-meta":"","stick-header-meta":"","header-above-stick-meta":"","header-main-stick-meta":"","header-below-stick-meta":""},"product_cat":[34],"product_tag":[],"_links":{"self":[{"href":"https:\/\/kdwilczega.pl\/index.php\/wp-json\/wp\/v3\/product\/2308"}],"collection":[{"href":"https:\/\/kdwilczega.pl\/index.php\/wp-json\/wp\/v3\/product"}],"about":[{"href":"https:\/\/kdwilczega.pl\/index.php\/wp-json\/wp\/v2\/types\/product"}],"wp:featuredmedia":[{"embeddable":true,"href":"https:\/\/kdwilczega.pl\/index.php\/wp-json\/wp\/v2\/media\/2309"}],"wp:attachment":[{"href":"https:\/\/kdwilczega.pl\/index.php\/wp-json\/wp\/v2\/media?parent=2308"}],"wp:term":[{"taxonomy":"product_cat","embeddable":true,"href":"https:\/\/kdwilczega.pl\/index.php\/wp-json\/wp\/v2\/product_cat?post=2308"},{"taxonomy":"product_tag","embeddable":true,"href":"https:\/\/kdwilczega.pl\/index.php\/wp-json\/wp\/v2\/product_tag?post=2308"}],"curies":[{"name":"wp","href":"https:\/\/api.w.org\/{rel}","templated":true}]}}