{"id":2166,"date":"2025-04-21T08:10:49","date_gmt":"2025-04-21T08:10:49","guid":{"rendered":"https:\/\/kdwilczega.pl\/?post_type=product&#038;p=2166"},"modified":"2026-01-04T14:40:31","modified_gmt":"2026-01-04T14:40:31","slug":"niedostepny","status":"publish","type":"product","link":"https:\/\/kdwilczega.pl\/index.php\/produkt\/niedostepny\/","title":{"rendered":"Niedost\u0119pny"},"content":{"rendered":"<p>Michael Clarke zawsze wiedzia\u0142, czego chce od \u017cycia. Biznes. W\u0142adza. Sukces. Zbudowa\u0142 to wszystko w\u0142asnymi r\u0119kami \u2013 wsp\u00f3lnie z Mattem i Trevorem stworzy\u0142 W&amp;L&amp;C Media. Jednak przyp\u0142aci\u0142 to rozbitym ma\u0142\u017ce\u0144stwem i przekonaniem, \u017ce emocje to tylko zb\u0119dny balast. Nie kocha. Nie ufa. Nie pozwala sobie na s\u0142abo\u015b\u0107. Jego \u017cycie to kontrola, strategia, cisza i precyzja.<\/p>\n<p>Emily Black jest weso\u0142a i pe\u0142na \u017cycia, jej u\u015bmiech potrafi stopi\u0107 ka\u017cdy l\u00f3d. Wiele przesz\u0142a w dzieci\u0144stwie, jednak to jej nie z\u0142ama\u0142o. Nauczy\u0142a si\u0119 u\u015bmiecha\u0107, nawet je\u015bli to tylko przykrywka dla blizn z przesz\u0142o\u015bci. Otacza si\u0119 przyjaci\u00f3\u0142mi, kt\u00f3rych kocha ca\u0142ym sercem, i cieszy si\u0119 ka\u017cd\u0105 chwil\u0105.<\/p>\n<p>Los skrzy\u017cowa\u0142 ich \u015bcie\u017cki.<\/p>\n<p>Dwa \u015bwiaty. Dwa \u017cywio\u0142y.<\/p>\n<p>Ona \u2013 chaos, emocje, \u015bwiat\u0142o.<\/p>\n<p>On \u2013 ch\u0142\u00f3d, cisza, kontrola.<\/p>\n<p>Zderzenie by\u0142o nieuniknione. A potem Michael j\u0105 skrzywdzi\u0142. Niechc\u0105cy. Ale to nie ma znaczenia. Przesz\u0142o\u015b\u0107 nauczy\u0142a Emily jednego \u2013 nigdy wi\u0119cej nie ufa\u0107 m\u0119\u017cczyznom. A dla Michaela to pierwszy raz, gdy naprawd\u0119 czego\u015b \u017ca\u0142uje.<\/p>\n<p>Czy stanie si\u0119 jej wybawieniem z koszmaru, czy pozostanie tym, od czego chcia\u0142a uciec?<\/p>\n","protected":false},"excerpt":{"rendered":"<p>Michael Clarke zawsze wiedzia\u0142, czego chce od \u017cycia. Biznes. W\u0142adza. Sukces. Zbudowa\u0142 to wszystko w\u0142asnymi r\u0119kami \u2013 wsp\u00f3lnie z Mattem i Trevorem stworzy\u0142 W&amp;L&amp;C Media. Jednak przyp\u0142aci\u0142 to rozbitym ma\u0142\u017ce\u0144stwem i przekonaniem, \u017ce emocje to tylko zb\u0119dny balast. Nie kocha. Nie ufa. Nie pozwala sobie na s\u0142abo\u015b\u0107. Jego \u017cycie to kontrola, strategia, cisza i precyzja. &hellip;<\/p>\n<p class=\"read-more\"> <a class=\"\" href=\"https:\/\/kdwilczega.pl\/index.php\/produkt\/niedostepny\/\"> <span class=\"screen-reader-text\">Niedost\u0119pny<\/span> Read More &raquo;<\/a><\/p>\n","protected":false},"featured_media":2168,"template":"","meta":{"site-sidebar-layout":"default","site-content-layout":"default","ast-global-header-display":"","ast-main-header-display":"","ast-hfb-above-header-display":"","ast-hfb-below-header-display":"","ast-hfb-mobile-header-display":"","site-post-title":"","ast-breadcrumbs-content":"","ast-featured-img":"","footer-sml-layout":"","theme-transparent-header-meta":"default","adv-header-id-meta":"","stick-header-meta":"","header-above-stick-meta":"","header-main-stick-meta":"","header-below-stick-meta":""},"product_cat":[35],"product_tag":[],"_links":{"self":[{"href":"https:\/\/kdwilczega.pl\/index.php\/wp-json\/wp\/v3\/product\/2166"}],"collection":[{"href":"https:\/\/kdwilczega.pl\/index.php\/wp-json\/wp\/v3\/product"}],"about":[{"href":"https:\/\/kdwilczega.pl\/index.php\/wp-json\/wp\/v2\/types\/product"}],"wp:featuredmedia":[{"embeddable":true,"href":"https:\/\/kdwilczega.pl\/index.php\/wp-json\/wp\/v2\/media\/2168"}],"wp:attachment":[{"href":"https:\/\/kdwilczega.pl\/index.php\/wp-json\/wp\/v2\/media?parent=2166"}],"wp:term":[{"taxonomy":"product_cat","embeddable":true,"href":"https:\/\/kdwilczega.pl\/index.php\/wp-json\/wp\/v2\/product_cat?post=2166"},{"taxonomy":"product_tag","embeddable":true,"href":"https:\/\/kdwilczega.pl\/index.php\/wp-json\/wp\/v2\/product_tag?post=2166"}],"curies":[{"name":"wp","href":"https:\/\/api.w.org\/{rel}","templated":true}]}}