{"id":2071,"date":"2025-01-31T08:30:03","date_gmt":"2025-01-31T08:30:03","guid":{"rendered":"https:\/\/kdwilczega.pl\/?post_type=product&#038;p=2071"},"modified":"2025-12-05T19:38:07","modified_gmt":"2025-12-05T19:38:07","slug":"next-time-rory-e-book","status":"publish","type":"product","link":"https:\/\/kdwilczega.pl\/index.php\/produkt\/next-time-rory-e-book\/","title":{"rendered":"Next time, Rory &#8211; e-book"},"content":{"rendered":"<p>Osiemnastoletnia Aurora Sinclair ma w \u017cyciu wszystko, co najwa\u017cniejsze: dom pe\u0142en mi\u0142o\u015bci, wspieraj\u0105cych rodzic\u00f3w oraz dwie niezast\u0105pione przyjaci\u00f3\u0142ki. Jej marzeniem jest zosta\u0107 fizjoterapeutk\u0105 i pomaga\u0107 pacjentom w odzyskiwaniu sprawno\u015bci. Aurora jest zdeterminowana, by osi\u0105gn\u0105\u0107 sw\u00f3j cel, ale w jej sercu brakuje jednego elementu \u2013 m\u0119\u017cczyzny, z kt\u00f3rym sp\u0119dzi\u0142a dzieci\u0144stwo i kt\u00f3rego kocha ca\u0142ym sercem.<\/p>\n<p>Ryder Scott to syn szanowanych lekarzy, kt\u00f3rego przysz\u0142o\u015b\u0107 od dawna wydaje si\u0119 zaplanowana. Presja spe\u0142niania oczekiwa\u0144 rodziny i spo\u0142ecze\u0144stwa popycha go ku autodestrukcyjnym decyzjom \u2013 si\u0119ga po narkotyki i alkohol. Jednak po okresie b\u0142\u0105dzenia Ryder odnajduje si\u0142\u0119, by powr\u00f3ci\u0107 na w\u0142a\u015bciw\u0105 \u015bcie\u017ck\u0119. Z powodzeniem zdobywa uznanie na Harvardzie i staje si\u0119 wzorem dla innych. Odnosi sukcesy zawodowe, ale jego serce t\u0119skni za pewn\u0105 dziewczyn\u0105.<\/p>\n<p>Gdy los daje im szans\u0119 na mi\u0142o\u015b\u0107, ich \u015bwiat zostaje wywr\u00f3cony do g\u00f3ry nogami. Staj\u0105 przed trudnymi wyborami, a ich decyzje mog\u0105 na zawsze zmieni\u0107 ich relacj\u0119.<br \/>\nCzy ich mi\u0142o\u015b\u0107 wystarczy, by przezwyci\u0119\u017cy\u0107 b\u0142\u0119dy przesz\u0142o\u015bci? A mo\u017ce w ko\u0144cu b\u0119d\u0105 musieli zada\u0107 sobie najtrudniejsze pytanie: czy prawdziwa mi\u0142o\u015b\u0107 zawsze oznacza wsp\u00f3ln\u0105 przysz\u0142o\u015b\u0107?<\/p>\n","protected":false},"excerpt":{"rendered":"<p>Osiemnastoletnia Aurora Sinclair ma w \u017cyciu wszystko, co najwa\u017cniejsze: dom pe\u0142en mi\u0142o\u015bci, wspieraj\u0105cych rodzic\u00f3w oraz dwie niezast\u0105pione przyjaci\u00f3\u0142ki. Jej marzeniem jest zosta\u0107 fizjoterapeutk\u0105 i pomaga\u0107 pacjentom w odzyskiwaniu sprawno\u015bci. Aurora jest zdeterminowana, by osi\u0105gn\u0105\u0107 sw\u00f3j cel, ale w jej sercu brakuje jednego elementu \u2013 m\u0119\u017cczyzny, z kt\u00f3rym sp\u0119dzi\u0142a dzieci\u0144stwo i kt\u00f3rego kocha ca\u0142ym sercem. Ryder &hellip;<\/p>\n<p class=\"read-more\"> <a class=\"\" href=\"https:\/\/kdwilczega.pl\/index.php\/produkt\/next-time-rory-e-book\/\"> <span class=\"screen-reader-text\">Next time, Rory &#8211; e-book<\/span> Read More &raquo;<\/a><\/p>\n","protected":false},"featured_media":2072,"template":"","meta":{"site-sidebar-layout":"default","site-content-layout":"default","ast-global-header-display":"","ast-main-header-display":"","ast-hfb-above-header-display":"","ast-hfb-below-header-display":"","ast-hfb-mobile-header-display":"","site-post-title":"","ast-breadcrumbs-content":"","ast-featured-img":"","footer-sml-layout":"","theme-transparent-header-meta":"default","adv-header-id-meta":"","stick-header-meta":"","header-above-stick-meta":"","header-main-stick-meta":"","header-below-stick-meta":""},"product_cat":[34],"product_tag":[],"_links":{"self":[{"href":"https:\/\/kdwilczega.pl\/index.php\/wp-json\/wp\/v3\/product\/2071"}],"collection":[{"href":"https:\/\/kdwilczega.pl\/index.php\/wp-json\/wp\/v3\/product"}],"about":[{"href":"https:\/\/kdwilczega.pl\/index.php\/wp-json\/wp\/v2\/types\/product"}],"wp:featuredmedia":[{"embeddable":true,"href":"https:\/\/kdwilczega.pl\/index.php\/wp-json\/wp\/v2\/media\/2072"}],"wp:attachment":[{"href":"https:\/\/kdwilczega.pl\/index.php\/wp-json\/wp\/v2\/media?parent=2071"}],"wp:term":[{"taxonomy":"product_cat","embeddable":true,"href":"https:\/\/kdwilczega.pl\/index.php\/wp-json\/wp\/v2\/product_cat?post=2071"},{"taxonomy":"product_tag","embeddable":true,"href":"https:\/\/kdwilczega.pl\/index.php\/wp-json\/wp\/v2\/product_tag?post=2071"}],"curies":[{"name":"wp","href":"https:\/\/api.w.org\/{rel}","templated":true}]}}