{"id":1979,"date":"2024-11-04T09:17:01","date_gmt":"2024-11-04T09:17:01","guid":{"rendered":"https:\/\/kdwilczega.pl\/?post_type=product&#038;p=1979"},"modified":"2026-01-04T14:41:04","modified_gmt":"2026-01-04T14:41:04","slug":"box-nieobliczalny","status":"publish","type":"product","link":"https:\/\/kdwilczega.pl\/index.php\/produkt\/box-nieobliczalny\/","title":{"rendered":"BOX &#8211; Nieobliczalny"},"content":{"rendered":"<p><strong>Zawarto\u015b\u0107 boxa:<\/strong><\/p>\n<ul>\n<li>magnes<\/li>\n<li>d\u0142ugopis<\/li>\n<li>o\u0142\u00f3wek<\/li>\n<li>smyczka<\/li>\n<li>s\u0142odki upominek<\/li>\n<\/ul>\n","protected":false},"excerpt":{"rendered":"<p>Zawarto\u015b\u0107 boxa: magnes d\u0142ugopis o\u0142\u00f3wek smyczka s\u0142odki upominek<\/p>\n","protected":false},"featured_media":2031,"template":"","meta":{"site-sidebar-layout":"default","site-content-layout":"default","ast-global-header-display":"","ast-main-header-display":"","ast-hfb-above-header-display":"","ast-hfb-below-header-display":"","ast-hfb-mobile-header-display":"","site-post-title":"","ast-breadcrumbs-content":"","ast-featured-img":"","footer-sml-layout":"","theme-transparent-header-meta":"default","adv-header-id-meta":"","stick-header-meta":"","header-above-stick-meta":"","header-main-stick-meta":"","header-below-stick-meta":""},"product_cat":[36],"product_tag":[],"_links":{"self":[{"href":"https:\/\/kdwilczega.pl\/index.php\/wp-json\/wp\/v3\/product\/1979"}],"collection":[{"href":"https:\/\/kdwilczega.pl\/index.php\/wp-json\/wp\/v3\/product"}],"about":[{"href":"https:\/\/kdwilczega.pl\/index.php\/wp-json\/wp\/v2\/types\/product"}],"wp:featuredmedia":[{"embeddable":true,"href":"https:\/\/kdwilczega.pl\/index.php\/wp-json\/wp\/v2\/media\/2031"}],"wp:attachment":[{"href":"https:\/\/kdwilczega.pl\/index.php\/wp-json\/wp\/v2\/media?parent=1979"}],"wp:term":[{"taxonomy":"product_cat","embeddable":true,"href":"https:\/\/kdwilczega.pl\/index.php\/wp-json\/wp\/v2\/product_cat?post=1979"},{"taxonomy":"product_tag","embeddable":true,"href":"https:\/\/kdwilczega.pl\/index.php\/wp-json\/wp\/v2\/product_tag?post=1979"}],"curies":[{"name":"wp","href":"https:\/\/api.w.org\/{rel}","templated":true}]}}