{"id":1926,"date":"2024-09-02T09:39:45","date_gmt":"2024-09-02T09:39:45","guid":{"rendered":"https:\/\/kdwilczega.pl\/?post_type=product&#038;p=1926"},"modified":"2025-12-05T19:38:25","modified_gmt":"2025-12-05T19:38:25","slug":"nagroda-diego-e-book","status":"publish","type":"product","link":"https:\/\/kdwilczega.pl\/index.php\/produkt\/nagroda-diego-e-book\/","title":{"rendered":"Nagroda Diego &#8211; e-book"},"content":{"rendered":"<p>Laura Wasilewska mia\u0142a trudne \u017cycie. Matka zaszczepi\u0142a w niej nienawi\u015b\u0107 do samej siebie. Dziewczyna decydowa\u0142a si\u0119 wi\u0119c na operacje plastyczne, d\u0105\u017c\u0105c do wykreowanego w swoim umy\u015ble idea\u0142u. Jednak po tych zmianach zamiast idea\u0142u w lustrze zobaczy\u0142a kogo\u015b obcego. Postanowi\u0142a zmierzy\u0107 si\u0119 z w\u0142asnymi demonami, naprawi\u0142a te\u017c relacje z najbli\u017cszymi. Wszystko wraca\u0142o na w\u0142a\u015bciwe tory, jednak pojawi\u0142o si\u0119 \u201eale\u201d\u2026<\/p>\n<p>Diego Pazzi by\u0142 najlepiej op\u0142acanym zab\u00f3jc\u0105 na \u015bwiecie, zatrudnianym przez wielkie szychy. By\u0142 dyskretny, szybki i bezwzgl\u0119dny. Po nieudanej znajomo\u015bci z Vincentem Russo postanowi\u0142 ponownie zwi\u0105za\u0107 si\u0119 z rodzin\u0105 Venturi. Podj\u0105\u0142 si\u0119 kluczowego zadania, aby odzyska\u0107 zaufanie Antonio. Jednak w \u015bwiecie mafii ka\u017cda przys\u0142uga mia\u0142a swoj\u0105 cen\u0119. Dla Diega t\u0105 cen\u0105 by\u0142a siostra Wiktorii \u2013 Laura. Kobieta by\u0142a przera\u017cona i niezadowolona ze swojego losu, ale wiedzia\u0142a, \u017ce Venturi nie podda si\u0119 jej pro\u015bbom. Z gorycz\u0105 zaakceptowa\u0142a now\u0105 rol\u0119 i nowy \u015bwiat, jednocze\u015bnie daj\u0105c do zrozumienia \u015bwie\u017co upieczonemu m\u0119\u017cowi, \u017ce nie b\u0119dzie potuln\u0105 i oddan\u0105 \u017con\u0105.<br \/>\nCzy jednak mog\u0142a si\u0119 pomyli\u0107?<\/p>\n","protected":false},"excerpt":{"rendered":"<p>Laura Wasilewska mia\u0142a trudne \u017cycie. Matka zaszczepi\u0142a w niej nienawi\u015b\u0107 do samej siebie. Dziewczyna decydowa\u0142a si\u0119 wi\u0119c na operacje plastyczne, d\u0105\u017c\u0105c do wykreowanego w swoim umy\u015ble idea\u0142u. Jednak po tych zmianach zamiast idea\u0142u w lustrze zobaczy\u0142a kogo\u015b obcego. Postanowi\u0142a zmierzy\u0107 si\u0119 z w\u0142asnymi demonami, naprawi\u0142a te\u017c relacje z najbli\u017cszymi. Wszystko wraca\u0142o na w\u0142a\u015bciwe tory, jednak &hellip;<\/p>\n<p class=\"read-more\"> <a class=\"\" href=\"https:\/\/kdwilczega.pl\/index.php\/produkt\/nagroda-diego-e-book\/\"> <span class=\"screen-reader-text\">Nagroda Diego &#8211; e-book<\/span> Read More &raquo;<\/a><\/p>\n","protected":false},"featured_media":1927,"template":"","meta":{"site-sidebar-layout":"default","site-content-layout":"default","ast-global-header-display":"","ast-main-header-display":"","ast-hfb-above-header-display":"","ast-hfb-below-header-display":"","ast-hfb-mobile-header-display":"","site-post-title":"","ast-breadcrumbs-content":"","ast-featured-img":"","footer-sml-layout":"","theme-transparent-header-meta":"default","adv-header-id-meta":"","stick-header-meta":"","header-above-stick-meta":"","header-main-stick-meta":"","header-below-stick-meta":""},"product_cat":[34],"product_tag":[],"_links":{"self":[{"href":"https:\/\/kdwilczega.pl\/index.php\/wp-json\/wp\/v3\/product\/1926"}],"collection":[{"href":"https:\/\/kdwilczega.pl\/index.php\/wp-json\/wp\/v3\/product"}],"about":[{"href":"https:\/\/kdwilczega.pl\/index.php\/wp-json\/wp\/v2\/types\/product"}],"wp:featuredmedia":[{"embeddable":true,"href":"https:\/\/kdwilczega.pl\/index.php\/wp-json\/wp\/v2\/media\/1927"}],"wp:attachment":[{"href":"https:\/\/kdwilczega.pl\/index.php\/wp-json\/wp\/v2\/media?parent=1926"}],"wp:term":[{"taxonomy":"product_cat","embeddable":true,"href":"https:\/\/kdwilczega.pl\/index.php\/wp-json\/wp\/v2\/product_cat?post=1926"},{"taxonomy":"product_tag","embeddable":true,"href":"https:\/\/kdwilczega.pl\/index.php\/wp-json\/wp\/v2\/product_tag?post=1926"}],"curies":[{"name":"wp","href":"https:\/\/api.w.org\/{rel}","templated":true}]}}