{"id":1800,"date":"2024-02-26T14:19:44","date_gmt":"2024-02-26T14:19:44","guid":{"rendered":"https:\/\/kdwilczega.pl\/?post_type=product&#038;p=1800"},"modified":"2025-12-05T19:38:34","modified_gmt":"2025-12-05T19:38:34","slug":"niepokorny-e-book","status":"publish","type":"product","link":"https:\/\/kdwilczega.pl\/index.php\/produkt\/niepokorny-e-book\/","title":{"rendered":"Niepokorny &#8211; e-book"},"content":{"rendered":"<p>Opis:<\/p>\n<p>Ivy Thomson od dziecka wiedzia\u0142a, co chce robi\u0107 w \u017cyciu. Uwielbia bawi\u0107 si\u0119 s\u0142owem, a jeszcze bardziej poprawia\u0107 czyje\u015b teksty do perfekcji. W\u0142a\u015bnie dlatego po uko\u0144czeniu studi\u00f3w zatrudni\u0142a si\u0119 w jednym z najlepszych wydawnictwa w Nowym Jorku i jako redaktorka pracuje nad powie\u015bciami debiutant\u00f3w. Gdy nie pochyla si\u0119 nad tekstami, sp\u0119dza czas z paczk\u0105 przyjaci\u00f3\u0142, kt\u00f3rych pozna\u0142a w czasie studi\u00f3w. W\u015br\u00f3d nich jest Matthias \u2013 jej bratnia dusza oraz m\u0142odszy brat Matta Walkera, cz\u0142owieka, kt\u00f3ry pi\u0119\u0107 lat temu z\u0142ama\u0142 jej serce.<\/p>\n<p>Matthew Walker to jeden z za\u0142o\u017cycieli W&amp;L&amp;C Media, a przede wszystkim dziennikarz, kt\u00f3ry szturmem podbi\u0142 nowojorski rynek. W pracy m\u0119\u017cczyzna jest bezwzgl\u0119dny, a ka\u017cdy temat, kt\u00f3ry wpada w jego r\u0119ce, zostaje przez niego skrupulatnie przeanalizowany. To m\u0119\u017cczyzna twardo st\u0105paj\u0105cy po ziemi. Mog\u0142oby si\u0119 wydawa\u0107, \u017ce Matt nie ma \u017cadnej s\u0142abej strony\u2026 poza przyjaci\u00f3\u0142k\u0105 swojego brata. Dziewczyn\u0105, dla kt\u00f3rej by\u0142 w stanie zrobi\u0107 wszystko, a kt\u00f3ra pi\u0119\u0107 lat temu z\u0142ama\u0142a mu serce.<\/p>\n<p>Oboje zostali skrzywdzeni.<br \/>\nOboje znaj\u0105 tylko w\u0142asn\u0105 wersj\u0119 wydarze\u0144.<br \/>\nJednak czy wina le\u017cy po kt\u00f3rejkolwiek stronie?<\/p>\n","protected":false},"excerpt":{"rendered":"<p>Opis: Ivy Thomson od dziecka wiedzia\u0142a, co chce robi\u0107 w \u017cyciu. Uwielbia bawi\u0107 si\u0119 s\u0142owem, a jeszcze bardziej poprawia\u0107 czyje\u015b teksty do perfekcji. W\u0142a\u015bnie dlatego po uko\u0144czeniu studi\u00f3w zatrudni\u0142a si\u0119 w jednym z najlepszych wydawnictwa w Nowym Jorku i jako redaktorka pracuje nad powie\u015bciami debiutant\u00f3w. Gdy nie pochyla si\u0119 nad tekstami, sp\u0119dza czas z paczk\u0105 &hellip;<\/p>\n<p class=\"read-more\"> <a class=\"\" href=\"https:\/\/kdwilczega.pl\/index.php\/produkt\/niepokorny-e-book\/\"> <span class=\"screen-reader-text\">Niepokorny &#8211; e-book<\/span> Read More &raquo;<\/a><\/p>\n","protected":false},"featured_media":1801,"template":"","meta":{"site-sidebar-layout":"default","site-content-layout":"default","ast-global-header-display":"","ast-main-header-display":"","ast-hfb-above-header-display":"","ast-hfb-below-header-display":"","ast-hfb-mobile-header-display":"","site-post-title":"","ast-breadcrumbs-content":"","ast-featured-img":"","footer-sml-layout":"","theme-transparent-header-meta":"default","adv-header-id-meta":"","stick-header-meta":"","header-above-stick-meta":"","header-main-stick-meta":"","header-below-stick-meta":""},"product_cat":[34],"product_tag":[],"_links":{"self":[{"href":"https:\/\/kdwilczega.pl\/index.php\/wp-json\/wp\/v3\/product\/1800"}],"collection":[{"href":"https:\/\/kdwilczega.pl\/index.php\/wp-json\/wp\/v3\/product"}],"about":[{"href":"https:\/\/kdwilczega.pl\/index.php\/wp-json\/wp\/v2\/types\/product"}],"wp:featuredmedia":[{"embeddable":true,"href":"https:\/\/kdwilczega.pl\/index.php\/wp-json\/wp\/v2\/media\/1801"}],"wp:attachment":[{"href":"https:\/\/kdwilczega.pl\/index.php\/wp-json\/wp\/v2\/media?parent=1800"}],"wp:term":[{"taxonomy":"product_cat","embeddable":true,"href":"https:\/\/kdwilczega.pl\/index.php\/wp-json\/wp\/v2\/product_cat?post=1800"},{"taxonomy":"product_tag","embeddable":true,"href":"https:\/\/kdwilczega.pl\/index.php\/wp-json\/wp\/v2\/product_tag?post=1800"}],"curies":[{"name":"wp","href":"https:\/\/api.w.org\/{rel}","templated":true}]}}