{"id":1692,"date":"2024-01-14T18:14:55","date_gmt":"2024-01-14T18:14:55","guid":{"rendered":"https:\/\/kdwilczega.pl\/?post_type=product&#038;p=1692"},"modified":"2025-12-05T19:40:54","modified_gmt":"2025-12-05T19:40:54","slug":"zguba-venturi-e-book","status":"publish","type":"product","link":"https:\/\/kdwilczega.pl\/index.php\/produkt\/zguba-venturi-e-book\/","title":{"rendered":"Zguba Venturi &#8211; e-book"},"content":{"rendered":"<p style=\"text-align: center;\">Matteo uwielbia swoje \u017cycie. Nic nie sprawia mu wi\u0119kszej przyjemno\u015bci jak \u017cycie w luksusie, pi\u0119kne kobiety oraz zapach krwi. Noszenie nazwiska Venturi daje mu przywileje, ale r\u00f3wnie\u017c obowi\u0105zki, kt\u00f3re musi wype\u0142nia\u0107.<br \/>\nMimo \u017ce to jego starszy brat zostanie\u00a0<em>capo<\/em>, on tak\u017ce musi stwarza\u0107 pozory idealnego syna. M\u0119\u017cczyzna jednak jest przekonany, \u017ce nie nadaje si\u0119 do zwi\u0105zku. Kocha wszystkie kobiety, a seks traktuje jak zabaw\u0119.<br \/>\nJeden wyjazd do Polski zmienia jego \u017cycie na zawsze. Poznaje kobiet\u0119, kt\u00f3ra przy pierwszym spotkaniu sprawia wra\u017cenie pewnej siebie, ale rzeczywisto\u015b\u0107 jest zupe\u0142nie inna. Czy Matteo b\u0119dzie w stanie pokocha\u0107 dziewczyn\u0119? Czy rozkocha jej serce, kt\u00f3re nale\u017cy do innego m\u0119\u017cczyzny?<\/p>\n<p style=\"text-align: center;\">\n","protected":false},"excerpt":{"rendered":"<p>Matteo uwielbia swoje \u017cycie. Nic nie sprawia mu wi\u0119kszej przyjemno\u015bci jak \u017cycie w luksusie, pi\u0119kne kobiety oraz zapach krwi. Noszenie nazwiska Venturi daje mu przywileje, ale r\u00f3wnie\u017c obowi\u0105zki, kt\u00f3re musi wype\u0142nia\u0107. Mimo \u017ce to jego starszy brat zostanie\u00a0capo, on tak\u017ce musi stwarza\u0107 pozory idealnego syna. M\u0119\u017cczyzna jednak jest przekonany, \u017ce nie nadaje si\u0119 do zwi\u0105zku. &hellip;<\/p>\n<p class=\"read-more\"> <a class=\"\" href=\"https:\/\/kdwilczega.pl\/index.php\/produkt\/zguba-venturi-e-book\/\"> <span class=\"screen-reader-text\">Zguba Venturi &#8211; e-book<\/span> Read More &raquo;<\/a><\/p>\n","protected":false},"featured_media":1693,"template":"","meta":{"site-sidebar-layout":"default","site-content-layout":"default","ast-global-header-display":"","ast-main-header-display":"","ast-hfb-above-header-display":"","ast-hfb-below-header-display":"","ast-hfb-mobile-header-display":"","site-post-title":"","ast-breadcrumbs-content":"","ast-featured-img":"","footer-sml-layout":"","theme-transparent-header-meta":"default","adv-header-id-meta":"","stick-header-meta":"","header-above-stick-meta":"","header-main-stick-meta":"","header-below-stick-meta":""},"product_cat":[34],"product_tag":[],"_links":{"self":[{"href":"https:\/\/kdwilczega.pl\/index.php\/wp-json\/wp\/v3\/product\/1692"}],"collection":[{"href":"https:\/\/kdwilczega.pl\/index.php\/wp-json\/wp\/v3\/product"}],"about":[{"href":"https:\/\/kdwilczega.pl\/index.php\/wp-json\/wp\/v2\/types\/product"}],"wp:featuredmedia":[{"embeddable":true,"href":"https:\/\/kdwilczega.pl\/index.php\/wp-json\/wp\/v2\/media\/1693"}],"wp:attachment":[{"href":"https:\/\/kdwilczega.pl\/index.php\/wp-json\/wp\/v2\/media?parent=1692"}],"wp:term":[{"taxonomy":"product_cat","embeddable":true,"href":"https:\/\/kdwilczega.pl\/index.php\/wp-json\/wp\/v2\/product_cat?post=1692"},{"taxonomy":"product_tag","embeddable":true,"href":"https:\/\/kdwilczega.pl\/index.php\/wp-json\/wp\/v2\/product_tag?post=1692"}],"curies":[{"name":"wp","href":"https:\/\/api.w.org\/{rel}","templated":true}]}}