{"id":1602,"date":"2023-11-05T14:57:47","date_gmt":"2023-11-05T14:57:47","guid":{"rendered":"https:\/\/kdwilczega.pl\/?post_type=product&#038;p=1602"},"modified":"2025-12-05T19:38:40","modified_gmt":"2025-12-05T19:38:40","slug":"cala-twoja-kochanie-e-book","status":"publish","type":"product","link":"https:\/\/kdwilczega.pl\/index.php\/produkt\/cala-twoja-kochanie-e-book\/","title":{"rendered":"Ca\u0142a Twoja, kochanie &#8211; e-book"},"content":{"rendered":"<p style=\"text-align: center;\">Uczucia Sophii zosta\u0142y wystawione na ci\u0119\u017ck\u0105 pr\u00f3b\u0119. Max z\u0142ama\u0142 jej serce,\u00a0 wybieraj\u0105c inn\u0105 kobiet\u0119. Po poznaniu prawdy m\u0119\u017cczyzna odnajduje Sophi\u0119 i pragnie jej przebaczenia, jednak dziewczyna nie wierzy w jego s\u0142owa i konsekwentnie go odrzuca. Wie, \u017ce teraz musi zadba\u0107 o spok\u00f3j nie tylko sw\u00f3j, ale r\u00f3wnie\u017c dziecka. Niestety, kobieta po czasie zrozumie, \u017ce aby zapewni\u0107 male\u0144stwu spok\u00f3j oraz bezpiecze\u0144stwo musi chwilowo przyj\u0105\u0107 pomoc od m\u0119\u017cczyzny. Miller jest szcz\u0119\u015bliwy, gdy dowiaduje si\u0119 o stanie Sophii, ale nadal musi walczy\u0107 o jej serce i udowadnia\u0107, \u017ce to, co zrobi\u0142, by\u0142o b\u0142\u0119dem.<br \/>\nWbrew wszystkiemu Sophia i Max zbli\u017caj\u0105 si\u0119 do siebie, jednak czarne chmury wisz\u0105ce nad nimi daj\u0105 zna\u0107, \u017ce to nie koniec. Im bli\u017cej do szcz\u0119\u015bliwego zako\u0144czenia, tym mocniejsze ciosy zadaje Dakota, kt\u00f3ra nadal nie mo\u017ce zapomnie\u0107 o m\u0119\u017cczy\u017anie<br \/>\nCzy Dakota wygra wojn\u0119, kt\u00f3r\u0105 rozpocz\u0119\u0142a?<br \/>\nCzy tym razem mi\u0142o\u015b\u0107 wystarczy, aby Sophia i Max mogli by\u0107 razem?<\/p>\n<p style=\"text-align: center;\">\n","protected":false},"excerpt":{"rendered":"<p>Uczucia Sophii zosta\u0142y wystawione na ci\u0119\u017ck\u0105 pr\u00f3b\u0119. Max z\u0142ama\u0142 jej serce,\u00a0 wybieraj\u0105c inn\u0105 kobiet\u0119. Po poznaniu prawdy m\u0119\u017cczyzna odnajduje Sophi\u0119 i pragnie jej przebaczenia, jednak dziewczyna nie wierzy w jego s\u0142owa i konsekwentnie go odrzuca. Wie, \u017ce teraz musi zadba\u0107 o spok\u00f3j nie tylko sw\u00f3j, ale r\u00f3wnie\u017c dziecka. Niestety, kobieta po czasie zrozumie, \u017ce aby &hellip;<\/p>\n<p class=\"read-more\"> <a class=\"\" href=\"https:\/\/kdwilczega.pl\/index.php\/produkt\/cala-twoja-kochanie-e-book\/\"> <span class=\"screen-reader-text\">Ca\u0142a Twoja, kochanie &#8211; e-book<\/span> Read More &raquo;<\/a><\/p>\n","protected":false},"featured_media":1603,"template":"","meta":{"site-sidebar-layout":"default","site-content-layout":"default","ast-global-header-display":"","ast-main-header-display":"","ast-hfb-above-header-display":"","ast-hfb-below-header-display":"","ast-hfb-mobile-header-display":"","site-post-title":"","ast-breadcrumbs-content":"","ast-featured-img":"","footer-sml-layout":"","theme-transparent-header-meta":"default","adv-header-id-meta":"","stick-header-meta":"","header-above-stick-meta":"","header-main-stick-meta":"","header-below-stick-meta":""},"product_cat":[34],"product_tag":[],"_links":{"self":[{"href":"https:\/\/kdwilczega.pl\/index.php\/wp-json\/wp\/v3\/product\/1602"}],"collection":[{"href":"https:\/\/kdwilczega.pl\/index.php\/wp-json\/wp\/v3\/product"}],"about":[{"href":"https:\/\/kdwilczega.pl\/index.php\/wp-json\/wp\/v2\/types\/product"}],"wp:featuredmedia":[{"embeddable":true,"href":"https:\/\/kdwilczega.pl\/index.php\/wp-json\/wp\/v2\/media\/1603"}],"wp:attachment":[{"href":"https:\/\/kdwilczega.pl\/index.php\/wp-json\/wp\/v2\/media?parent=1602"}],"wp:term":[{"taxonomy":"product_cat","embeddable":true,"href":"https:\/\/kdwilczega.pl\/index.php\/wp-json\/wp\/v2\/product_cat?post=1602"},{"taxonomy":"product_tag","embeddable":true,"href":"https:\/\/kdwilczega.pl\/index.php\/wp-json\/wp\/v2\/product_tag?post=1602"}],"curies":[{"name":"wp","href":"https:\/\/api.w.org\/{rel}","templated":true}]}}