{"id":1553,"date":"2023-06-30T06:08:22","date_gmt":"2023-06-30T06:08:22","guid":{"rendered":"https:\/\/kdwilczega.pl\/?post_type=product&#038;p=1553"},"modified":"2026-01-04T14:42:12","modified_gmt":"2026-01-04T14:42:12","slug":"box-caly-twoj-kochanie","status":"publish","type":"product","link":"https:\/\/kdwilczega.pl\/index.php\/produkt\/box-caly-twoj-kochanie\/","title":{"rendered":"BOX &#8211; Ca\u0142y Tw\u00f3j, kochanie"},"content":{"rendered":"<p><strong>\u00a0 \u00a0 \u00a0 \u00a0 \u00a0 \u00a0Zawarto\u015b\u0107 boxa:<\/strong><\/p>\n<ul>\n<li>ksi\u0105\u017cka z autografem<\/li>\n<li>s\u0142odki upominek<\/li>\n<li>zak\u0142adka<\/li>\n<li>d\u0142ugopis<\/li>\n<li>o\u0142\u00f3wek<\/li>\n<li>smycz<\/li>\n<\/ul>\n<p>&nbsp;<\/p>\n","protected":false},"excerpt":{"rendered":"<p>\u00a0 \u00a0 \u00a0 \u00a0 \u00a0 \u00a0Zawarto\u015b\u0107 boxa: ksi\u0105\u017cka z autografem s\u0142odki upominek zak\u0142adka d\u0142ugopis o\u0142\u00f3wek smycz &nbsp;<\/p>\n","protected":false},"featured_media":2031,"template":"","meta":{"site-sidebar-layout":"default","site-content-layout":"default","ast-global-header-display":"","ast-main-header-display":"","ast-hfb-above-header-display":"","ast-hfb-below-header-display":"","ast-hfb-mobile-header-display":"","site-post-title":"","ast-breadcrumbs-content":"","ast-featured-img":"","footer-sml-layout":"","theme-transparent-header-meta":"default","adv-header-id-meta":"","stick-header-meta":"","header-above-stick-meta":"","header-main-stick-meta":"","header-below-stick-meta":""},"product_cat":[36],"product_tag":[],"_links":{"self":[{"href":"https:\/\/kdwilczega.pl\/index.php\/wp-json\/wp\/v3\/product\/1553"}],"collection":[{"href":"https:\/\/kdwilczega.pl\/index.php\/wp-json\/wp\/v3\/product"}],"about":[{"href":"https:\/\/kdwilczega.pl\/index.php\/wp-json\/wp\/v2\/types\/product"}],"wp:featuredmedia":[{"embeddable":true,"href":"https:\/\/kdwilczega.pl\/index.php\/wp-json\/wp\/v2\/media\/2031"}],"wp:attachment":[{"href":"https:\/\/kdwilczega.pl\/index.php\/wp-json\/wp\/v2\/media?parent=1553"}],"wp:term":[{"taxonomy":"product_cat","embeddable":true,"href":"https:\/\/kdwilczega.pl\/index.php\/wp-json\/wp\/v2\/product_cat?post=1553"},{"taxonomy":"product_tag","embeddable":true,"href":"https:\/\/kdwilczega.pl\/index.php\/wp-json\/wp\/v2\/product_tag?post=1553"}],"curies":[{"name":"wp","href":"https:\/\/api.w.org\/{rel}","templated":true}]}}