{"id":1510,"date":"2023-05-18T09:42:42","date_gmt":"2023-05-18T09:42:42","guid":{"rendered":"https:\/\/kdwilczega.pl\/?post_type=product&#038;p=1510"},"modified":"2026-01-04T14:42:28","modified_gmt":"2026-01-04T14:42:28","slug":"box-odkupienie-venturi","status":"publish","type":"product","link":"https:\/\/kdwilczega.pl\/index.php\/produkt\/box-odkupienie-venturi\/","title":{"rendered":"BOX &#8211; Odkupienie Venturi"},"content":{"rendered":"<p><strong>\u00a0 \u00a0 \u00a0 \u00a0 \u00a0 Zawarto\u015b\u0107 boxa:<br \/>\n<\/strong><\/p>\n<ul>\n<li>ksi\u0105\u017cka z autografem i zak\u0142adk\u0105<\/li>\n<li>s\u0142odki upominek<\/li>\n<li>d\u0142ugopis<\/li>\n<li>o\u0142\u00f3wek<\/li>\n<li>\u015bwieca<\/li>\n<\/ul>\n<p>&nbsp;<\/p>\n","protected":false},"excerpt":{"rendered":"<p>\u00a0 \u00a0 \u00a0 \u00a0 \u00a0 Zawarto\u015b\u0107 boxa: ksi\u0105\u017cka z autografem i zak\u0142adk\u0105 s\u0142odki upominek d\u0142ugopis o\u0142\u00f3wek \u015bwieca &nbsp;<\/p>\n","protected":false},"featured_media":2031,"template":"","meta":{"site-sidebar-layout":"default","site-content-layout":"default","ast-global-header-display":"","ast-main-header-display":"","ast-hfb-above-header-display":"","ast-hfb-below-header-display":"","ast-hfb-mobile-header-display":"","site-post-title":"","ast-breadcrumbs-content":"","ast-featured-img":"","footer-sml-layout":"","theme-transparent-header-meta":"default","adv-header-id-meta":"","stick-header-meta":"","header-above-stick-meta":"","header-main-stick-meta":"","header-below-stick-meta":""},"product_cat":[36],"product_tag":[33],"_links":{"self":[{"href":"https:\/\/kdwilczega.pl\/index.php\/wp-json\/wp\/v3\/product\/1510"}],"collection":[{"href":"https:\/\/kdwilczega.pl\/index.php\/wp-json\/wp\/v3\/product"}],"about":[{"href":"https:\/\/kdwilczega.pl\/index.php\/wp-json\/wp\/v2\/types\/product"}],"wp:featuredmedia":[{"embeddable":true,"href":"https:\/\/kdwilczega.pl\/index.php\/wp-json\/wp\/v2\/media\/2031"}],"wp:attachment":[{"href":"https:\/\/kdwilczega.pl\/index.php\/wp-json\/wp\/v2\/media?parent=1510"}],"wp:term":[{"taxonomy":"product_cat","embeddable":true,"href":"https:\/\/kdwilczega.pl\/index.php\/wp-json\/wp\/v2\/product_cat?post=1510"},{"taxonomy":"product_tag","embeddable":true,"href":"https:\/\/kdwilczega.pl\/index.php\/wp-json\/wp\/v2\/product_tag?post=1510"}],"curies":[{"name":"wp","href":"https:\/\/api.w.org\/{rel}","templated":true}]}}